{"id":113,"date":"2019-11-03T16:02:05","date_gmt":"2019-11-03T15:02:05","guid":{"rendered":"https:\/\/chaletartemisia-courchevel.com\/?page_id=113"},"modified":"2019-11-03T16:05:14","modified_gmt":"2019-11-03T15:05:14","slug":"chalet-artemisia-2","status":"publish","type":"page","link":"https:\/\/chaletartemisia-courchevel.com\/en\/chalet-artemisia-2\/","title":{"rendered":"Disclaimer"},"content":{"rendered":"<div data-elementor-type=\"wp-page\" data-elementor-id=\"113\" class=\"elementor elementor-113\">\n\t\t\t\t\t\t<div class=\"elementor-inner\">\n\t\t\t\t<div class=\"elementor-section-wrap\">\n\t\t\t\t\t\t\t\t\t<section class=\"elementor-section elementor-top-section elementor-element elementor-element-1b8df55 elementor-section-stretched elementor-section-full_width elementor-section-height-min-height elementor-section-height-default elementor-section-items-middle\" data-id=\"1b8df55\" data-element_type=\"section\" data-settings=\"{&quot;stretch_section&quot;:&quot;section-stretched&quot;,&quot;jet_parallax_layout_list&quot;:[{&quot;jet_parallax_layout_image&quot;:{&quot;url&quot;:&quot;&quot;,&quot;id&quot;:&quot;&quot;},&quot;_id&quot;:&quot;545c9d9&quot;,&quot;jet_parallax_layout_image_tablet&quot;:{&quot;url&quot;:&quot;&quot;,&quot;id&quot;:&quot;&quot;},&quot;jet_parallax_layout_image_mobile&quot;:{&quot;url&quot;:&quot;&quot;,&quot;id&quot;:&quot;&quot;},&quot;jet_parallax_layout_speed&quot;:{&quot;unit&quot;:&quot;%&quot;,&quot;size&quot;:50,&quot;sizes&quot;:[]},&quot;jet_parallax_layout_type&quot;:&quot;scroll&quot;,&quot;jet_parallax_layout_z_index&quot;:&quot;&quot;,&quot;jet_parallax_layout_bg_x&quot;:50,&quot;jet_parallax_layout_bg_y&quot;:50,&quot;jet_parallax_layout_bg_size&quot;:&quot;auto&quot;,&quot;jet_parallax_layout_animation_prop&quot;:&quot;transform&quot;,&quot;jet_parallax_layout_on&quot;:[&quot;desktop&quot;,&quot;tablet&quot;],&quot;jet_parallax_layout_direction&quot;:null,&quot;jet_parallax_layout_fx_direction&quot;:null,&quot;jet_parallax_layout_bg_x_tablet&quot;:&quot;&quot;,&quot;jet_parallax_layout_bg_x_mobile&quot;:&quot;&quot;,&quot;jet_parallax_layout_bg_y_tablet&quot;:&quot;&quot;,&quot;jet_parallax_layout_bg_y_mobile&quot;:&quot;&quot;,&quot;jet_parallax_layout_bg_size_tablet&quot;:&quot;&quot;,&quot;jet_parallax_layout_bg_size_mobile&quot;:&quot;&quot;}]}\">\n\t\t\t\t\t\t<div class=\"elementor-container elementor-column-gap-default\">\n\t\t\t\t\t\t\t<div class=\"elementor-row\">\n\t\t\t\t\t<div class=\"elementor-column elementor-col-100 elementor-top-column elementor-element elementor-element-4e61852\" data-id=\"4e61852\" data-element_type=\"column\">\n\t\t\t<div class=\"elementor-column-wrap elementor-element-populated\">\n\t\t\t\t\t\t\t<div class=\"elementor-widget-wrap\">\n\t\t\t\t\t\t<div class=\"elementor-element elementor-element-82654c4 elementor-arrows-position-inside elementor-invisible elementor-widget elementor-widget-image-carousel\" data-id=\"82654c4\" data-element_type=\"widget\" data-settings=\"{&quot;slides_to_show&quot;:&quot;1&quot;,&quot;navigation&quot;:&quot;arrows&quot;,&quot;_animation&quot;:&quot;fadeIn&quot;,&quot;autoplay&quot;:&quot;yes&quot;,&quot;pause_on_hover&quot;:&quot;yes&quot;,&quot;pause_on_interaction&quot;:&quot;yes&quot;,&quot;autoplay_speed&quot;:5000,&quot;infinite&quot;:&quot;yes&quot;,&quot;effect&quot;:&quot;slide&quot;,&quot;speed&quot;:500}\" data-widget_type=\"image-carousel.default\">\n\t\t\t\t<div class=\"elementor-widget-container\">\n\t\t\t\t\t<div class=\"elementor-image-carousel-wrapper swiper-container\" dir=\"ltr\">\n\t\t\t<div class=\"elementor-image-carousel swiper-wrapper\">\n\t\t\t\t\t\t\t\t<div class=\"swiper-slide\"><figure class=\"swiper-slide-inner\"><img class=\"swiper-slide-image\" src=\"https:\/\/chaletartemisia-courchevel.com\/wp-content\/uploads\/elementor\/thumbs\/Chalet-Artemisia-Courchevel-1-min-og627o570kfj49mnulol8c2dcbkfsb4hyucs7k1uds.jpg\" alt=\"Chalet Artemisia Courchevel 1-min\" \/><\/figure><\/div><div class=\"swiper-slide\"><figure class=\"swiper-slide-inner\"><img class=\"swiper-slide-image\" src=\"https:\/\/chaletartemisia-courchevel.com\/wp-content\/uploads\/elementor\/thumbs\/Chalet-Artemisia-Courchevel-7-min-og627a1m61w8a4754xl6oxmgfjhxkukiwwki0emqz4.jpg\" alt=\"Chalet Artemisia Courchevel 7-min\" \/><\/figure><\/div><div class=\"swiper-slide\"><figure class=\"swiper-slide-inner\"><img class=\"swiper-slide-image\" src=\"https:\/\/chaletartemisia-courchevel.com\/wp-content\/uploads\/elementor\/thumbs\/Chalet-Artemisia-Courchevel-12-min-og62844g8r1elmzg9al8wq17fvdof5vxp1g1d9e5g0.jpg\" alt=\"Chalet Artemisia Courchevel 12-min\" \/><\/figure><\/div><div class=\"swiper-slide\"><figure class=\"swiper-slide-inner\"><img class=\"swiper-slide-image\" src=\"https:\/\/chaletartemisia-courchevel.com\/wp-content\/uploads\/elementor\/thumbs\/Chalet-Artemisia-Courchevel-17-min-og628bn5rfbp6ioj1du9go4w6ycm4qpse2nx7h3028.jpg\" alt=\"Chalet Artemisia Courchevel 17-min\" \/><\/figure><\/div><div class=\"swiper-slide\"><figure class=\"swiper-slide-inner\"><img class=\"swiper-slide-image\" src=\"https:\/\/chaletartemisia-courchevel.com\/wp-content\/uploads\/elementor\/thumbs\/Chalet-Artemisia-Courchevel-18-min-og628ti3da05b3yl53k6a1mnh9wl6zoosj25bqcis0.jpg\" alt=\"Chalet Artemisia Courchevel 18-min\" \/><\/figure><\/div>\t\t\t<\/div>\n\t\t\t\t\t\t\t\t\t\t\t\t\t\t\t\t<div class=\"elementor-swiper-button elementor-swiper-button-prev\">\n\t\t\t\t\t\t<i aria-hidden=\"true\" class=\"eicon-chevron-left\"><\/i>\t\t\t\t\t\t<span class=\"elementor-screen-only\">Previous<\/span>\n\t\t\t\t\t<\/div>\n\t\t\t\t\t<div class=\"elementor-swiper-button elementor-swiper-button-next\">\n\t\t\t\t\t\t<i aria-hidden=\"true\" class=\"eicon-chevron-right\"><\/i>\t\t\t\t\t\t<span class=\"elementor-screen-only\">Next<\/span>\n\t\t\t\t\t<\/div>\n\t\t\t\t\t\t\t\t\t<\/div>\n\t\t\t\t<\/div>\n\t\t\t\t<\/div>\n\t\t\t\t\t\t<\/div>\n\t\t\t\t\t<\/div>\n\t\t<\/div>\n\t\t\t\t\t\t\t\t<\/div>\n\t\t\t\t\t<\/div>\n\t\t<\/section>\n\t\t\t\t<section class=\"elementor-section elementor-top-section elementor-element elementor-element-aab0b5c elementor-section-boxed elementor-section-height-default elementor-section-height-default\" data-id=\"aab0b5c\" data-element_type=\"section\" id=\"chalet\" data-settings=\"{&quot;jet_parallax_layout_list&quot;:[{&quot;jet_parallax_layout_image&quot;:{&quot;url&quot;:&quot;&quot;,&quot;id&quot;:&quot;&quot;},&quot;_id&quot;:&quot;ad6277a&quot;,&quot;jet_parallax_layout_image_tablet&quot;:{&quot;url&quot;:&quot;&quot;,&quot;id&quot;:&quot;&quot;},&quot;jet_parallax_layout_image_mobile&quot;:{&quot;url&quot;:&quot;&quot;,&quot;id&quot;:&quot;&quot;},&quot;jet_parallax_layout_speed&quot;:{&quot;unit&quot;:&quot;%&quot;,&quot;size&quot;:50,&quot;sizes&quot;:[]},&quot;jet_parallax_layout_type&quot;:&quot;scroll&quot;,&quot;jet_parallax_layout_z_index&quot;:&quot;&quot;,&quot;jet_parallax_layout_bg_x&quot;:50,&quot;jet_parallax_layout_bg_y&quot;:50,&quot;jet_parallax_layout_bg_size&quot;:&quot;auto&quot;,&quot;jet_parallax_layout_animation_prop&quot;:&quot;transform&quot;,&quot;jet_parallax_layout_on&quot;:[&quot;desktop&quot;,&quot;tablet&quot;],&quot;jet_parallax_layout_direction&quot;:null,&quot;jet_parallax_layout_fx_direction&quot;:null,&quot;jet_parallax_layout_bg_x_tablet&quot;:&quot;&quot;,&quot;jet_parallax_layout_bg_x_mobile&quot;:&quot;&quot;,&quot;jet_parallax_layout_bg_y_tablet&quot;:&quot;&quot;,&quot;jet_parallax_layout_bg_y_mobile&quot;:&quot;&quot;,&quot;jet_parallax_layout_bg_size_tablet&quot;:&quot;&quot;,&quot;jet_parallax_layout_bg_size_mobile&quot;:&quot;&quot;}]}\">\n\t\t\t\t\t\t<div class=\"elementor-container elementor-column-gap-default\">\n\t\t\t\t\t\t\t<div class=\"elementor-row\">\n\t\t\t\t\t<div class=\"elementor-column elementor-col-100 elementor-top-column elementor-element elementor-element-81a803b\" data-id=\"81a803b\" data-element_type=\"column\">\n\t\t\t<div class=\"elementor-column-wrap elementor-element-populated\">\n\t\t\t\t\t\t\t<div class=\"elementor-widget-wrap\">\n\t\t\t\t\t\t<div class=\"elementor-element elementor-element-01e6705 elementor-widget elementor-widget-heading\" data-id=\"01e6705\" data-element_type=\"widget\" data-widget_type=\"heading.default\">\n\t\t\t\t<div class=\"elementor-widget-container\">\n\t\t\t<h1 class=\"elementor-heading-title elementor-size-xl\">Mentions l\u00e9gales<\/h1>\t\t<\/div>\n\t\t\t\t<\/div>\n\t\t\t\t\t\t<\/div>\n\t\t\t\t\t<\/div>\n\t\t<\/div>\n\t\t\t\t\t\t\t\t<\/div>\n\t\t\t\t\t<\/div>\n\t\t<\/section>\n\t\t\t\t<section class=\"elementor-section elementor-top-section elementor-element elementor-element-814ac5c elementor-section-boxed elementor-section-height-default elementor-section-height-default\" data-id=\"814ac5c\" data-element_type=\"section\" data-settings=\"{&quot;jet_parallax_layout_list&quot;:[{&quot;jet_parallax_layout_image&quot;:{&quot;url&quot;:&quot;&quot;,&quot;id&quot;:&quot;&quot;},&quot;_id&quot;:&quot;ad6277a&quot;,&quot;jet_parallax_layout_image_tablet&quot;:{&quot;url&quot;:&quot;&quot;,&quot;id&quot;:&quot;&quot;},&quot;jet_parallax_layout_image_mobile&quot;:{&quot;url&quot;:&quot;&quot;,&quot;id&quot;:&quot;&quot;},&quot;jet_parallax_layout_speed&quot;:{&quot;unit&quot;:&quot;%&quot;,&quot;size&quot;:50,&quot;sizes&quot;:[]},&quot;jet_parallax_layout_type&quot;:&quot;scroll&quot;,&quot;jet_parallax_layout_z_index&quot;:&quot;&quot;,&quot;jet_parallax_layout_bg_x&quot;:50,&quot;jet_parallax_layout_bg_y&quot;:50,&quot;jet_parallax_layout_bg_size&quot;:&quot;auto&quot;,&quot;jet_parallax_layout_animation_prop&quot;:&quot;transform&quot;,&quot;jet_parallax_layout_on&quot;:[&quot;desktop&quot;,&quot;tablet&quot;],&quot;jet_parallax_layout_direction&quot;:null,&quot;jet_parallax_layout_fx_direction&quot;:null,&quot;jet_parallax_layout_bg_x_tablet&quot;:&quot;&quot;,&quot;jet_parallax_layout_bg_x_mobile&quot;:&quot;&quot;,&quot;jet_parallax_layout_bg_y_tablet&quot;:&quot;&quot;,&quot;jet_parallax_layout_bg_y_mobile&quot;:&quot;&quot;,&quot;jet_parallax_layout_bg_size_tablet&quot;:&quot;&quot;,&quot;jet_parallax_layout_bg_size_mobile&quot;:&quot;&quot;}]}\">\n\t\t\t\t\t\t<div class=\"elementor-container elementor-column-gap-default\">\n\t\t\t\t\t\t\t<div class=\"elementor-row\">\n\t\t\t\t\t<div class=\"elementor-column elementor-col-100 elementor-top-column elementor-element elementor-element-a7d8df7\" data-id=\"a7d8df7\" data-element_type=\"column\">\n\t\t\t<div class=\"elementor-column-wrap elementor-element-populated\">\n\t\t\t\t\t\t\t<div class=\"elementor-widget-wrap\">\n\t\t\t\t\t\t<div class=\"elementor-element elementor-element-363e2ad elementor-widget elementor-widget-wp-widget-text\" data-id=\"363e2ad\" data-element_type=\"widget\" data-widget_type=\"wp-widget-text.default\">\n\t\t\t\t<div class=\"elementor-widget-container\">\n\t\t\t<div class=\"jupiterx-widget widget_text\"><div class=\"jupiterx-widget-content\">\t\t\t<div class=\"textwidget\"><h3>PROPRI\u00c9TAIRE DU SITE<\/h3>\n<p>SARL Le Biol<br \/>\n154 Route des Avals<br \/>\n73120 Courchevel 1650<\/p>\n<p>Responsable de Publication : Catherine DALLE FRATTE<\/p>\n<h3>VOCATION DU SITE<\/h3>\n<p>Ce site a pour objet de pr\u00e9senter Le Chalet Artemisia. La soci\u00e9t\u00e9 se r\u00e9serve le droit de corriger ou modifier son contenu, \u00e0 tout moment et sans pr\u00e9avis.<\/p>\n<h3>COPYRIGHT<\/h3>\n<p>Par ailleurs, sauf mention contraire, les droits de propri\u00e9t\u00e9 intellectuelle sur les documents contenus dans le site et chacun des \u00e9l\u00e9ments cr\u00e9\u00e9s pour ce site sont la propri\u00e9t\u00e9 exclusive de la soci\u00e9t\u00e9, celle-ci ne conc\u00e9dant aucune licence, ni aucun autre droit que celui de consulter le site.<\/p>\n<h3>CONDITIONS D\u2019UTILISATION<\/h3>\n<p>Afin de profiter pleinement de toutes les fonctionnalit\u00e9s du site internet, l\u2019utilisation des navigateurs Microsoft Internet Explorer(PC), Mozilla Firefox (Mac ou PC), Chrome (Mac ou PC) ou Safari (Mac ou PC) est vivement recommand\u00e9e (logiciels gratuits).<\/p>\n<p>Pour visualiser les pages de ce site de fa\u00e7on optimale, il est vivement conseill\u00e9 de tenir vos navigateurs \u00e0 jour. R\u00e9solution d\u2019\u00e9cran recommand\u00e9e : 1024\u00d7768 ou sup\u00e9rieure.<\/p>\n<p>Par ailleurs, ce site pr\u00e9sentant de nouvelles sp\u00e9cifit\u00e9s techniques, il est conseill\u00e9 de le visionner avec Firefox, Chrome ou Safari dans une version r\u00e9cente.<\/p>\n<h3>H\u00c9BERGEMENT<\/h3>\n<p>Ce site est h\u00e9berg\u00e9 sur PHPNET.<br \/>\n97-97 bis rue du g\u00e9n\u00e9ral Mangin<br \/>\n38100 GRENOBLE (France)<br \/>\nCode APE : 6202 A<br \/>\nN\u00b0 SIRET 451878128 00029<br \/>\nN\u00b0 TVA intracommunautaire : FR32451878128<\/p>\n<h3>R\u00c9ALISATION<\/h3>\n<p>Ce site est r\u00e9alis\u00e9 par Lionel HUNZIKER \u2013 MRW<\/p>\n<h3>DROITS D\u2019AUTEUR<\/h3>\n<p>L\u2019ensemble de ce site rel\u00e8ve de la l\u00e9gislation fran\u00e7aise et internationale sur le droit d\u2019auteur et la propri\u00e9t\u00e9 intellectuelle.<\/p>\n<p>Tous les droits de reproduction sont r\u00e9serv\u00e9s, y compris pour les documents t\u00e9l\u00e9chargeables et les repr\u00e9sentations iconographiques et photographiques. La reproduction de tout ou partie de ce site sur un support \u00e9lectronique quel qu\u2019il soit est formellement interdite sauf autorisation expresse du directeur de la publication.<\/p>\n<p>Les articles L122-4 et L122-5 du Code de la propri\u00e9t\u00e9 intellectuelle interdisent toute repr\u00e9sentation ou reproduction, int\u00e9grale ou partielle, faites en dehors d\u2019un usage priv\u00e9e.<\/p>\n<p>Toute repr\u00e9sentation ou reproduction int\u00e9grale ou partielle de cette \u0153uvre, fait par quelque proc\u00e9d\u00e9 que ce soit, sans le consentement de l\u2019\u00e9diteur ou les ayants droit est illicite et constitue une contrefa\u00e7on sanctionn\u00e9 par les articles L335-2 et suivants du Code de la propri\u00e9t\u00e9 intellectuelle.<\/p>\n<h3>DONN\u00c9ES NOMINATIVES<\/h3>\n<p>Conform\u00e9ment aux dispositions de la loi du 6 janvier 1978 relative \u00e0 l\u2018informatique, aux fichiers et aux libert\u00e9s, le traitement automatis\u00e9 des donn\u00e9es nominatives r\u00e9alis\u00e9 \u00e0 partir du site Web a fait l\u2019objet d\u2019une d\u00e9claration aupr\u00e8s de la commission nationale de l\u2018informatique et des libert\u00e9s (CNIL) qui a d\u00e9livr\u00e9 un r\u00e9c\u00e9piss\u00e9 sous le num\u00e9ro (en cours).<br \/>\nLes informations communiqu\u00e9es par l\u2018utilisateur sont n\u00e9cessaires pour r\u00e9pondre \u00e0 sa demande, et sont destin\u00e9es \u00e0 la soci\u00e9t\u00e9, responsable du traitement, \u00e0 des fins de gestion administrative et\/ou commerciale.Les informations communiqu\u00e9es par l\u2019utilisateur dans le cadre de la commande de produits pourront \u00eatre communiqu\u00e9es aux partenaires contractuels de la soci\u00e9t\u00e9 afin d\u2018ex\u00e9cuter ladite commande.<\/p>\n<\/div>\n\t\t<\/div><\/div>\t\t<\/div>\n\t\t\t\t<\/div>\n\t\t\t\t<div class=\"elementor-element elementor-element-1977e57 elementor-align-center elementor-widget elementor-widget-button\" data-id=\"1977e57\" data-element_type=\"widget\" data-widget_type=\"button.default\">\n\t\t\t\t<div class=\"elementor-widget-container\">\n\t\t\t\t\t<div class=\"elementor-button-wrapper\">\n\t\t\t<a href=\"https:\/\/chaletartemisia-courchevel.com\/en\/\" class=\"elementor-button-link elementor-button elementor-size-sm\" role=\"button\">\n\t\t\t\t\t\t<span class=\"elementor-button-content-wrapper\">\n\t\t\t\t\t\t<span class=\"elementor-button-text\">Retour<\/span>\n\t\t<\/span>\n\t\t\t\t\t<\/a>\n\t\t<\/div>\n\t\t\t\t<\/div>\n\t\t\t\t<\/div>\n\t\t\t\t\t\t<\/div>\n\t\t\t\t\t<\/div>\n\t\t<\/div>\n\t\t\t\t\t\t\t\t<\/div>\n\t\t\t\t\t<\/div>\n\t\t<\/section>\n\t\t\t\t\t\t\t\t\t<\/div>\n\t\t\t<\/div>\n\t\t\t\t\t<\/div>","protected":false},"excerpt":{"rendered":"<p>Pr\u00e9c\u00e9dent Suivant Mentions l\u00e9gales Retour<\/p>","protected":false},"author":1,"featured_media":0,"parent":0,"menu_order":0,"comment_status":"closed","ping_status":"closed","template":"full-width.php","meta":[],"acf":[],"_links":{"self":[{"href":"https:\/\/chaletartemisia-courchevel.com\/en\/wp-json\/wp\/v2\/pages\/113"}],"collection":[{"href":"https:\/\/chaletartemisia-courchevel.com\/en\/wp-json\/wp\/v2\/pages"}],"about":[{"href":"https:\/\/chaletartemisia-courchevel.com\/en\/wp-json\/wp\/v2\/types\/page"}],"author":[{"embeddable":true,"href":"https:\/\/chaletartemisia-courchevel.com\/en\/wp-json\/wp\/v2\/users\/1"}],"replies":[{"embeddable":true,"href":"https:\/\/chaletartemisia-courchevel.com\/en\/wp-json\/wp\/v2\/comments?post=113"}],"version-history":[{"count":7,"href":"https:\/\/chaletartemisia-courchevel.com\/en\/wp-json\/wp\/v2\/pages\/113\/revisions"}],"predecessor-version":[{"id":277,"href":"https:\/\/chaletartemisia-courchevel.com\/en\/wp-json\/wp\/v2\/pages\/113\/revisions\/277"}],"wp:attachment":[{"href":"https:\/\/chaletartemisia-courchevel.com\/en\/wp-json\/wp\/v2\/media?parent=113"}],"curies":[{"name":"wp","href":"https:\/\/api.w.org\/{rel}","templated":true}]}}